{"id":1319,"date":"2022-10-14T13:53:40","date_gmt":"2022-10-14T13:53:40","guid":{"rendered":"https:\/\/avadawebsites.wpengine.com\/business\/?page_id=1319"},"modified":"2024-01-23T18:19:23","modified_gmt":"2024-01-23T17:19:23","slug":"sumate-a-weligster","status":"publish","type":"page","link":"https:\/\/weligster.com\/en\/sumate-a-weligster\/","title":{"rendered":"S\u00famate a Weligster"},"content":{"rendered":"<div class=\"fusion-fullwidth fullwidth-box fusion-builder-row-1 fusion-flex-container has-pattern-background has-mask-background nonhundred-percent-fullwidth non-hundred-percent-height-scrolling\" style=\"--awb-border-radius-top-left:0px;--awb-border-radius-top-right:0px;--awb-border-radius-bottom-right:0px;--awb-border-radius-bottom-left:0px;--awb-margin-top:50px;--awb-flex-wrap:wrap;\" ><div class=\"fusion-builder-row fusion-row fusion-flex-align-items-flex-start fusion-flex-justify-content-center fusion-flex-content-wrap\" style=\"max-width:1372.8px;margin-left: calc(-4% \/ 2 );margin-right: calc(-4% \/ 2 );\"><div class=\"fusion-layout-column fusion_builder_column fusion-builder-column-0 fusion_builder_column_3_5 3_5 fusion-flex-column\" style=\"--awb-bg-size:cover;--awb-width-large:60%;--awb-margin-top-large:0px;--awb-spacing-right-large:3.2%;--awb-margin-bottom-large:0px;--awb-spacing-left-large:3.2%;--awb-width-medium:60%;--awb-order-medium:0;--awb-spacing-right-medium:3.2%;--awb-spacing-left-medium:3.2%;--awb-width-small:100%;--awb-order-small:0;--awb-spacing-right-small:1.92%;--awb-spacing-left-small:1.92%;\"><div class=\"fusion-column-wrapper fusion-column-has-shadow fusion-flex-justify-content-flex-start fusion-content-layout-column\"><div class=\"fusion-title title fusion-title-1 fusion-sep-none fusion-title-center fusion-title-text fusion-title-size-two\"><h2 class=\"fusion-title-heading title-heading-center\" style=\"margin:0;\">Transforma tu Trayectoria Financiera<\/h2><\/div><div class=\"fusion-text fusion-text-1 fusion-text-no-margin\" style=\"--awb-content-alignment:center;--awb-margin-top:15px;--awb-margin-bottom:60px;\"><p>Descubre el poder de la recuperaci\u00f3n financiera al unirte a Weligster. Somos m\u00e1s que un despacho de abogados; somos tu aliado comprometido en cada paso del camino. Al sumarte a Weligster, te beneficiar\u00e1s de nuestra experiencia legal s\u00f3lida, soluciones personalizadas y un enfoque \u00e9tico inquebrantable. Es el momento de transformar tu trayectoria financiera con Weligster, donde cada cliente es una historia de \u00e9xito en s\u00ed misma.<\/p>\n<\/div><\/div><\/div><\/div><\/div>","protected":false},"excerpt":{"rendered":"","protected":false},"author":2,"featured_media":0,"parent":0,"menu_order":0,"comment_status":"closed","ping_status":"closed","template":"100-width.php","meta":{"footnotes":""},"class_list":["post-1319","page","type-page","status-publish","hentry"],"_links":{"self":[{"href":"https:\/\/weligster.com\/en\/wp-json\/wp\/v2\/pages\/1319","targetHints":{"allow":["GET"]}}],"collection":[{"href":"https:\/\/weligster.com\/en\/wp-json\/wp\/v2\/pages"}],"about":[{"href":"https:\/\/weligster.com\/en\/wp-json\/wp\/v2\/types\/page"}],"author":[{"embeddable":true,"href":"https:\/\/weligster.com\/en\/wp-json\/wp\/v2\/users\/2"}],"replies":[{"embeddable":true,"href":"https:\/\/weligster.com\/en\/wp-json\/wp\/v2\/comments?post=1319"}],"version-history":[{"count":2,"href":"https:\/\/weligster.com\/en\/wp-json\/wp\/v2\/pages\/1319\/revisions"}],"predecessor-version":[{"id":3386,"href":"https:\/\/weligster.com\/en\/wp-json\/wp\/v2\/pages\/1319\/revisions\/3386"}],"wp:attachment":[{"href":"https:\/\/weligster.com\/en\/wp-json\/wp\/v2\/media?parent=1319"}],"curies":[{"name":"wp","href":"https:\/\/api.w.org\/{rel}","templated":true}]}}